{"id":987,"date":"2019-01-19T15:31:15","date_gmt":"2019-01-19T14:31:15","guid":{"rendered":"http:\/\/balise77.com\/site\/?page_id=987"},"modified":"2024-12-16T23:06:12","modified_gmt":"2024-12-16T22:06:12","slug":"competitions","status":"publish","type":"page","link":"https:\/\/balise77.com\/site\/competitions\/","title":{"rendered":"Comp\u00e9titions"},"content":{"rendered":"<h2><img loading=\"lazy\" decoding=\"async\" class=\"alignnone size-full wp-image-320 aligncenter\" src=\"https:\/\/balise77.com\/site\/wp-content\/uploads\/2018\/04\/59.jpg\" alt=\"\" width=\"300\" height=\"250\" \/><\/h2>\n\n\n<h1>SONDAGES COMPETITIONS<\/h1>\n<p>&nbsp;<\/p>\n\n\n\n<p><strong>WE CFC 2025, du 1er au 4 mai<\/strong> , en Gironde\u00a0 <span style=\"background-color: #ffff00;\">\u00a0<a href=\"https:\/\/docs.google.com\/spreadsheets\/d\/102Nb65IIamC4apDn1AoaAABu-lfiwzMb2pWbKQIpwlk\/edit?gid=0#gid=0\">sondage<\/a><\/span><\/p>\n<div>r\u00e9ponse souhait\u00e9e jusqu&rsquo;au\u00a0<\/div>\n<div><span style=\"color: #ff0000;\"><b>mardi 31 d\u00e9cembre 2024 23 h 59<\/b><\/span><\/div>\n<div>\u00a0<\/div>\n<div><span style=\"color: #ff0000;\"><b>Si vous \u00eates pas sur de venir \u00e0 ces d\u00e9placements, merci de l&rsquo;indiqu\u00e9\u00a0<u>la case d&rsquo;h\u00e9bergement<\/u>, par\u00a0<u>peut-\u00eatre<\/u>\u00a0OU par\u00a0<u>??<\/u>\u00a0(pour avoir une pr\u00e9cision du nombre d&rsquo;inscrits sur l&rsquo;h\u00e9bergement club \u00e0 ces 2 d\u00e9placements)\u00a0<\/b><\/span><\/div>\n<p><strong>3 jours de P\u00e2ques en Bourgogne du 19 au 21 avril 2025<\/strong>\u00a0<span style=\"background-color: #ffff00;\"> son<a href=\"_wp_link_placeholder\" data-wplink-edit=\"true\">d<\/a>age<\/span><\/p>\n<div>r\u00e9ponse souhait\u00e9e jusqu&rsquo;au\u00a0<\/div>\n<div><span style=\"color: #ff0000;\"><b>mardi 31 d\u00e9cembre 2024 23 h 59<\/b><\/span><\/div>\n<div>\u00a0<\/div>\n<div>\u00a0<\/div>\n<div><strong><span style=\"color: #ff0000;\">Si vous \u00eates pas sur de venir \u00e0 ces d\u00e9placements, merci de l&rsquo;indiquer dans <u>la case d&rsquo;h\u00e9bergement<\/u>, par\u00a0<u>peut-\u00eatre<\/u>\u00a0OU par\u00a0<u>??<\/u>\u00a0(pour avoir une pr\u00e9cision du nombre d&rsquo;inscrits sur l&rsquo;h\u00e9bergement club \u00e0 ces 2 d\u00e9placements)\u00a0<\/span><\/strong><\/div>\n","protected":false},"excerpt":{"rendered":"<p>SONDAGES COMPETITIONS &nbsp; WE CFC 2025, du 1er au 4 mai , en Gironde\u00a0 \u00a0sondage r\u00e9ponse souhait\u00e9e jusqu&rsquo;au\u00a0 mardi 31 d\u00e9cembre 2024 23 h 59 \u00a0 Si vous \u00eates pas sur de venir \u00e0 ces d\u00e9placements, merci de l&rsquo;indiqu\u00e9\u00a0la case d&rsquo;h\u00e9bergement, par\u00a0peut-\u00eatre\u00a0OU par\u00a0??\u00a0(pour avoir une pr\u00e9cision du nombre d&rsquo;inscrits sur l&rsquo;h\u00e9bergement club \u00e0 ces 2 [&hellip;]<\/p>\n","protected":false},"author":2,"featured_media":320,"parent":0,"menu_order":0,"comment_status":"closed","ping_status":"closed","template":"","meta":{"site-sidebar-layout":"default","site-content-layout":"","ast-site-content-layout":"default","site-content-style":"default","site-sidebar-style":"default","ast-global-header-display":"","ast-banner-title-visibility":"","ast-main-header-display":"","ast-hfb-above-header-display":"","ast-hfb-below-header-display":"","ast-hfb-mobile-header-display":"","site-post-title":"","ast-breadcrumbs-content":"","ast-featured-img":"","footer-sml-layout":"","theme-transparent-header-meta":"","adv-header-id-meta":"","stick-header-meta":"","header-above-stick-meta":"","header-main-stick-meta":"","header-below-stick-meta":"","astra-migrate-meta-layouts":"set","ast-page-background-enabled":"default","ast-page-background-meta":{"desktop":{"background-color":"var(--ast-global-color-4)","background-image":"","background-repeat":"repeat","background-position":"center center","background-size":"auto","background-attachment":"scroll","background-type":"","background-media":"","overlay-type":"","overlay-color":"","overlay-opacity":"","overlay-gradient":""},"tablet":{"background-color":"","background-image":"","background-repeat":"repeat","background-position":"center center","background-size":"auto","background-attachment":"scroll","background-type":"","background-media":"","overlay-type":"","overlay-color":"","overlay-opacity":"","overlay-gradient":""},"mobile":{"background-color":"","background-image":"","background-repeat":"repeat","background-position":"center center","background-size":"auto","background-attachment":"scroll","background-type":"","background-media":"","overlay-type":"","overlay-color":"","overlay-opacity":"","overlay-gradient":""}},"ast-content-background-meta":{"desktop":{"background-color":"var(--ast-global-color-5)","background-image":"","background-repeat":"repeat","background-position":"center center","background-size":"auto","background-attachment":"scroll","background-type":"","background-media":"","overlay-type":"","overlay-color":"","overlay-opacity":"","overlay-gradient":""},"tablet":{"background-color":"var(--ast-global-color-5)","background-image":"","background-repeat":"repeat","background-position":"center center","background-size":"auto","background-attachment":"scroll","background-type":"","background-media":"","overlay-type":"","overlay-color":"","overlay-opacity":"","overlay-gradient":""},"mobile":{"background-color":"var(--ast-global-color-5)","background-image":"","background-repeat":"repeat","background-position":"center center","background-size":"auto","background-attachment":"scroll","background-type":"","background-media":"","overlay-type":"","overlay-color":"","overlay-opacity":"","overlay-gradient":""}},"footnotes":""},"class_list":["post-987","page","type-page","status-publish","has-post-thumbnail","hentry"],"_links":{"self":[{"href":"https:\/\/balise77.com\/site\/wp-json\/wp\/v2\/pages\/987","targetHints":{"allow":["GET"]}}],"collection":[{"href":"https:\/\/balise77.com\/site\/wp-json\/wp\/v2\/pages"}],"about":[{"href":"https:\/\/balise77.com\/site\/wp-json\/wp\/v2\/types\/page"}],"author":[{"embeddable":true,"href":"https:\/\/balise77.com\/site\/wp-json\/wp\/v2\/users\/2"}],"replies":[{"embeddable":true,"href":"https:\/\/balise77.com\/site\/wp-json\/wp\/v2\/comments?post=987"}],"version-history":[{"count":6,"href":"https:\/\/balise77.com\/site\/wp-json\/wp\/v2\/pages\/987\/revisions"}],"predecessor-version":[{"id":6475,"href":"https:\/\/balise77.com\/site\/wp-json\/wp\/v2\/pages\/987\/revisions\/6475"}],"wp:featuredmedia":[{"embeddable":true,"href":"https:\/\/balise77.com\/site\/wp-json\/wp\/v2\/media\/320"}],"wp:attachment":[{"href":"https:\/\/balise77.com\/site\/wp-json\/wp\/v2\/media?parent=987"}],"curies":[{"name":"wp","href":"https:\/\/api.w.org\/{rel}","templated":true}]}}